{"id":28,"date":"2015-10-02T17:15:18","date_gmt":"2015-10-02T17:15:18","guid":{"rendered":"https:\/\/www.descansor.com\/noticias\/?page_id=28"},"modified":"2015-10-02T17:20:32","modified_gmt":"2015-10-02T17:20:32","slug":"publica-tu-oferta","status":"publish","type":"page","link":"https:\/\/www.descansor.com\/noticias\/publica-tu-oferta\/","title":{"rendered":"Publica tu oferta"},"content":{"rendered":"<p style=\"text-align: left;\">Hola, este es un blog creado para ganar dinero. Por lo que adem\u00e1s de publicar ofertas de colchones y sof\u00e1s, informaci\u00f3n MUY INTERESANTE sobre promociones, descuentos, cupones, sorteos, regalos&#8230; que encontremos por la red, relacionados con el mundo del descanso: colchoner\u00eda, tapicer\u00eda y sus complementos, <strong>si est\u00e1s interesado en aparecer aqu\u00ed<\/strong> en un post patrocinado, con uno o dos enlaces hacia tu web, puedes hacerlo.<\/p>\n<p style=\"text-align: left;\">Ponte en contacto con nosotros, enviando un correo a informacion@consultoriamuebles.es, o llamando al tel\u00e9fono 965 984 273 (extensi\u00f3n 205) y pregunta por Beatriz.<\/p>\n<p style=\"text-align: left;\">Si eres t\u00fa quien escribe el post y <strong>nos env\u00edas el texto e im\u00e1genes<\/strong>, el precio de la publicaci\u00f3n ser\u00e1 (sin iva):<\/p>\n<ol>\n<li style=\"text-align: left;\">10 euros, por un post de m\u00e1s de 500 palabras<\/li>\n<li style=\"text-align: left;\">15 euros, por un post de m\u00e1s de 1000 palabras<\/li>\n<li style=\"text-align: left;\">20 euros, por un post de m\u00e1s de 1500 palabras.<\/li>\n<\/ol>\n<p style=\"text-align: left;\">Si quieres que <strong>nosotros redactemos<\/strong> el post, busquemos im\u00e1genes&#8230;<\/p>\n<ol>\n<li style=\"text-align: left;\">el post de m\u00e1s de 500 palabras tiene un coste de 30 euros,<\/li>\n<li style=\"text-align: left;\">el post de m\u00e1s de 1000 palabras tiene un coste de 40 euros,<\/li>\n<li style=\"text-align: left;\">y el post de m\u00e1s de 1500 palabras tiene un coste de 50 euros.<\/li>\n<\/ol>\n<p>Si s\u00f3lo quieres subir una\u00a0o varias\u00a0imagenes con una oferta, varias&#8230; subir un peque\u00f1o texto explicativo con link a tu tienda y el folleto\/cat\u00e1logo actual visible como un PDF, o como una revista virtual, tambi\u00e9n puedes. Tiene un coste de 20 euros.<\/p>\n<p>Es necesario facturar nuestros servicios o recibir regalos en contraprestaci\u00f3n.<\/p>\n<p>Muchas gracias por leernos y su inter\u00e9s.<\/p>\n","protected":false},"excerpt":{"rendered":"<p>Hola, este es un blog creado para ganar dinero. Por lo que adem\u00e1s de publicar ofertas de colchones y sof\u00e1s, informaci\u00f3n MUY INTERESANTE sobre promociones, descuentos, cupones, sorteos, regalos&#8230; que encontremos por la red, relacionados con el mundo del descanso: colchoner\u00eda, tapicer\u00eda y sus complementos, si est\u00e1s interesado en aparecer aqu\u00ed en un post patrocinado, &hellip; <a href=\"https:\/\/www.descansor.com\/noticias\/publica-tu-oferta\/\" class=\"more-link\">Sigue leyendo <span class=\"screen-reader-text\">Publica tu oferta<\/span><\/a><\/p>\n","protected":false},"author":1,"featured_media":0,"parent":0,"menu_order":0,"comment_status":"closed","ping_status":"closed","template":"","meta":{"footnotes":""},"class_list":["post-28","page","type-page","status-publish","hentry"],"yoast_head":"<!-- This site is optimized with the Yoast SEO plugin v24.5 - https:\/\/yoast.com\/wordpress\/plugins\/seo\/ -->\n<title>Publica tus ofertas de colchones o sof\u00e1s en nuestro blog.<\/title>\n<meta name=\"description\" content=\"Quieres dar a conocer tu web, tu tienda virtual o f\u00edsica. Quieres recibir un enlace de calidad de una p\u00e1gina con contenido natural y que hace white seo.\" \/>\n<meta name=\"robots\" content=\"index, follow, max-snippet:-1, max-image-preview:large, max-video-preview:-1\" \/>\n<link rel=\"canonical\" href=\"https:\/\/www.descansor.com\/noticias\/publica-tu-oferta\/\" \/>\n<meta name=\"twitter:card\" content=\"summary_large_image\" \/>\n<meta name=\"twitter:title\" content=\"Publica tus ofertas de colchones o sof\u00e1s en nuestro blog.\" \/>\n<meta name=\"twitter:description\" content=\"Quieres dar a conocer tu web, tu tienda virtual o f\u00edsica. Quieres recibir un enlace de calidad de una p\u00e1gina con contenido natural y que hace white seo.\" \/>\n<meta name=\"twitter:label1\" content=\"Tiempo de lectura\" \/>\n\t<meta name=\"twitter:data1\" content=\"1 minuto\" \/>\n<script type=\"application\/ld+json\" class=\"yoast-schema-graph\">{\"@context\":\"https:\/\/schema.org\",\"@graph\":[{\"@type\":\"WebPage\",\"@id\":\"https:\/\/www.descansor.com\/noticias\/publica-tu-oferta\/\",\"url\":\"https:\/\/www.descansor.com\/noticias\/publica-tu-oferta\/\",\"name\":\"Publica tus ofertas de colchones o sof\u00e1s en nuestro blog.\",\"isPartOf\":{\"@id\":\"https:\/\/www.descansor.com\/noticias\/#website\"},\"datePublished\":\"2015-10-02T17:15:18+00:00\",\"dateModified\":\"2015-10-02T17:20:32+00:00\",\"description\":\"Quieres dar a conocer tu web, tu tienda virtual o f\u00edsica. Quieres recibir un enlace de calidad de una p\u00e1gina con contenido natural y que hace white seo.\",\"breadcrumb\":{\"@id\":\"https:\/\/www.descansor.com\/noticias\/publica-tu-oferta\/#breadcrumb\"},\"inLanguage\":\"es\",\"potentialAction\":[{\"@type\":\"ReadAction\",\"target\":[\"https:\/\/www.descansor.com\/noticias\/publica-tu-oferta\/\"]}]},{\"@type\":\"BreadcrumbList\",\"@id\":\"https:\/\/www.descansor.com\/noticias\/publica-tu-oferta\/#breadcrumb\",\"itemListElement\":[{\"@type\":\"ListItem\",\"position\":1,\"name\":\"Portada\",\"item\":\"https:\/\/www.descansor.com\/noticias\/\"},{\"@type\":\"ListItem\",\"position\":2,\"name\":\"Publica tu oferta\"}]},{\"@type\":\"WebSite\",\"@id\":\"https:\/\/www.descansor.com\/noticias\/#website\",\"url\":\"https:\/\/www.descansor.com\/noticias\/\",\"name\":\"Blog sobre el descanso y c\u00f3mo ahorrar comprando colchones.\",\"description\":\"\",\"potentialAction\":[{\"@type\":\"SearchAction\",\"target\":{\"@type\":\"EntryPoint\",\"urlTemplate\":\"https:\/\/www.descansor.com\/noticias\/?s={search_term_string}\"},\"query-input\":{\"@type\":\"PropertyValueSpecification\",\"valueRequired\":true,\"valueName\":\"search_term_string\"}}],\"inLanguage\":\"es\"}]}<\/script>\n<!-- \/ Yoast SEO plugin. -->","yoast_head_json":{"title":"Publica tus ofertas de colchones o sof\u00e1s en nuestro blog.","description":"Quieres dar a conocer tu web, tu tienda virtual o f\u00edsica. Quieres recibir un enlace de calidad de una p\u00e1gina con contenido natural y que hace white seo.","robots":{"index":"index","follow":"follow","max-snippet":"max-snippet:-1","max-image-preview":"max-image-preview:large","max-video-preview":"max-video-preview:-1"},"canonical":"https:\/\/www.descansor.com\/noticias\/publica-tu-oferta\/","twitter_card":"summary_large_image","twitter_title":"Publica tus ofertas de colchones o sof\u00e1s en nuestro blog.","twitter_description":"Quieres dar a conocer tu web, tu tienda virtual o f\u00edsica. Quieres recibir un enlace de calidad de una p\u00e1gina con contenido natural y que hace white seo.","twitter_misc":{"Tiempo de lectura":"1 minuto"},"schema":{"@context":"https:\/\/schema.org","@graph":[{"@type":"WebPage","@id":"https:\/\/www.descansor.com\/noticias\/publica-tu-oferta\/","url":"https:\/\/www.descansor.com\/noticias\/publica-tu-oferta\/","name":"Publica tus ofertas de colchones o sof\u00e1s en nuestro blog.","isPartOf":{"@id":"https:\/\/www.descansor.com\/noticias\/#website"},"datePublished":"2015-10-02T17:15:18+00:00","dateModified":"2015-10-02T17:20:32+00:00","description":"Quieres dar a conocer tu web, tu tienda virtual o f\u00edsica. Quieres recibir un enlace de calidad de una p\u00e1gina con contenido natural y que hace white seo.","breadcrumb":{"@id":"https:\/\/www.descansor.com\/noticias\/publica-tu-oferta\/#breadcrumb"},"inLanguage":"es","potentialAction":[{"@type":"ReadAction","target":["https:\/\/www.descansor.com\/noticias\/publica-tu-oferta\/"]}]},{"@type":"BreadcrumbList","@id":"https:\/\/www.descansor.com\/noticias\/publica-tu-oferta\/#breadcrumb","itemListElement":[{"@type":"ListItem","position":1,"name":"Portada","item":"https:\/\/www.descansor.com\/noticias\/"},{"@type":"ListItem","position":2,"name":"Publica tu oferta"}]},{"@type":"WebSite","@id":"https:\/\/www.descansor.com\/noticias\/#website","url":"https:\/\/www.descansor.com\/noticias\/","name":"Blog sobre el descanso y c\u00f3mo ahorrar comprando colchones.","description":"","potentialAction":[{"@type":"SearchAction","target":{"@type":"EntryPoint","urlTemplate":"https:\/\/www.descansor.com\/noticias\/?s={search_term_string}"},"query-input":{"@type":"PropertyValueSpecification","valueRequired":true,"valueName":"search_term_string"}}],"inLanguage":"es"}]}},"amp_enabled":true,"_links":{"self":[{"href":"https:\/\/www.descansor.com\/noticias\/wp-json\/wp\/v2\/pages\/28","targetHints":{"allow":["GET"]}}],"collection":[{"href":"https:\/\/www.descansor.com\/noticias\/wp-json\/wp\/v2\/pages"}],"about":[{"href":"https:\/\/www.descansor.com\/noticias\/wp-json\/wp\/v2\/types\/page"}],"author":[{"embeddable":true,"href":"https:\/\/www.descansor.com\/noticias\/wp-json\/wp\/v2\/users\/1"}],"replies":[{"embeddable":true,"href":"https:\/\/www.descansor.com\/noticias\/wp-json\/wp\/v2\/comments?post=28"}],"version-history":[{"count":3,"href":"https:\/\/www.descansor.com\/noticias\/wp-json\/wp\/v2\/pages\/28\/revisions"}],"predecessor-version":[{"id":31,"href":"https:\/\/www.descansor.com\/noticias\/wp-json\/wp\/v2\/pages\/28\/revisions\/31"}],"wp:attachment":[{"href":"https:\/\/www.descansor.com\/noticias\/wp-json\/wp\/v2\/media?parent=28"}],"curies":[{"name":"wp","href":"https:\/\/api.w.org\/{rel}","templated":true}]}}